{"id":578,"date":"2024-11-08T14:28:39","date_gmt":"2024-11-08T13:28:39","guid":{"rendered":"https:\/\/pose-energie.com\/?page_id=578"},"modified":"2024-12-16T14:21:31","modified_gmt":"2024-12-16T13:21:31","slug":"installations-photovoltaiques-professionnel","status":"publish","type":"page","link":"https:\/\/pose-energie.com\/index.php\/installations-photovoltaiques-professionnel\/","title":{"rendered":"Installations photovolta\u00efques professionnel"},"content":{"rendered":"<p>[et_pb_section fb_built=\u00a0\u00bb1&Prime; specialty=\u00a0\u00bbon\u00a0\u00bb admin_label=\u00a0\u00bbHero\u00a0\u00bb _builder_version=\u00a0\u00bb4.23.1&Prime; _module_preset=\u00a0\u00bbdefault\u00a0\u00bb custom_padding=\u00a0\u00bb1px|||||\u00a0\u00bb locked=\u00a0\u00bboff\u00a0\u00bb collapsed=\u00a0\u00bbon\u00a0\u00bb global_colors_info=\u00a0\u00bb{}\u00a0\u00bb][et_pb_column type=\u00a0\u00bb2_3&Prime; specialty_columns=\u00a0\u00bb2&Prime; _builder_version=\u00a0\u00bb4.16&Prime; _module_preset=\u00a0\u00bbdefault\u00a0\u00bb custom_padding=\u00a0\u00bb|||\u00a0\u00bb global_colors_info=\u00a0\u00bb{}\u00a0\u00bb custom_padding__hover=\u00a0\u00bb|||\u00a0\u00bb][et_pb_row_inner _builder_version=\u00a0\u00bb4.17.6&Prime; _module_preset=\u00a0\u00bbdefault\u00a0\u00bb global_colors_info=\u00a0\u00bb{}\u00a0\u00bb][et_pb_column_inner saved_specialty_column_type=\u00a0\u00bb2_3&Prime; _builder_version=\u00a0\u00bb4.16&Prime; _module_preset=\u00a0\u00bb73121f80-a3ef-4484-8763-c3f18e3c56d2&Prime; global_colors_info=\u00a0\u00bb{}\u00a0\u00bb][et_pb_heading title=\u00a0\u00bbils nous ont fait confiance\u00a0\u00bb _builder_version=\u00a0\u00bb4.27.2&Prime; _module_preset=\u00a0\u00bbddeb8c09-9078-4424-bc15-2efb6572e28e\u00a0\u00bb title_font=\u00a0\u00bb&#8211;et_global_heading_font|IBM Plex Sans Condensed_weight||on|||||\u00a0\u00bb title_text_color=\u00a0\u00bb#111111&Prime; title_font_size=\u00a0\u00bb38px\u00a0\u00bb title_line_height=\u00a0\u00bb1.15em\u00a0\u00bb title_font_size_tablet=\u00a0\u00bb38px\u00a0\u00bb title_font_size_phone=\u00a0\u00bb24px\u00a0\u00bb title_font_size_last_edited=\u00a0\u00bbon|desktop\u00a0\u00bb locked=\u00a0\u00bboff\u00a0\u00bb global_colors_info=\u00a0\u00bb{}\u00a0\u00bb][\/et_pb_heading][et_pb_text quote_border_color=\u00a0\u00bb#57cc99&Prime; _builder_version=\u00a0\u00bb4.27.2&Prime; _module_preset=\u00a0\u00bb2c55a9c4-feed-423b-9edb-ae0b5b365cac\u00a0\u00bb text_font=\u00a0\u00bb&#8211;et_global_heading_font|IBM Plex Sans_weight|||||||\u00a0\u00bb text_text_color=\u00a0\u00bbrgba(0,0,0,0.64)\u00a0\u00bb text_font_size=\u00a0\u00bb16px\u00a0\u00bb text_line_height=\u00a0\u00bb1.75em\u00a0\u00bb link_font=\u00a0\u00bb|IBM Plex Sans_weight|||||||\u00a0\u00bb link_text_color=\u00a0\u00bb#22577a\u00a0\u00bb quote_font=\u00a0\u00bbIBM Plex Sans Condensed|IBM Plex Sans Condensed_weight|||||||\u00a0\u00bb quote_text_color=\u00a0\u00bb#111111&Prime; header_font=\u00a0\u00bbIBM Plex Sans Condensed|IBM Plex Sans Condensed_weight|||||||\u00a0\u00bb header_text_color=\u00a0\u00bb#111111&Prime; header_font_size=\u00a0\u00bb72px\u00a0\u00bb header_line_height=\u00a0\u00bb1.15em\u00a0\u00bb header_2_font=\u00a0\u00bbIBM Plex Sans Condensed|IBM Plex Sans Condensed_weight|||||||\u00a0\u00bb header_2_text_color=\u00a0\u00bb#111111&Prime; header_2_font_size=\u00a0\u00bb50px\u00a0\u00bb header_2_line_height=\u00a0\u00bb1.2em\u00a0\u00bb header_3_font=\u00a0\u00bbIBM Plex Sans Condensed|IBM Plex Sans Condensed_weight|||||||\u00a0\u00bb header_3_text_color=\u00a0\u00bb#111111&Prime; header_3_font_size=\u00a0\u00bb32px\u00a0\u00bb header_3_line_height=\u00a0\u00bb1.3em\u00a0\u00bb header_4_font=\u00a0\u00bbIBM Plex Sans Condensed|IBM Plex Sans Condensed_weight|||||||\u00a0\u00bb header_4_text_color=\u00a0\u00bb#111111&Prime; header_4_font_size=\u00a0\u00bb24px\u00a0\u00bb header_4_line_height=\u00a0\u00bb1.4em\u00a0\u00bb header_5_font=\u00a0\u00bbIBM Plex Sans Condensed|IBM Plex Sans Condensed_weight|||||||\u00a0\u00bb header_5_text_color=\u00a0\u00bb#111111&Prime; header_5_font_size=\u00a0\u00bb18px\u00a0\u00bb header_5_line_height=\u00a0\u00bb1.4em\u00a0\u00bb header_6_font=\u00a0\u00bbIBM Plex Sans Condensed|IBM Plex Sans Condensed_weight|||||||\u00a0\u00bb header_6_text_color=\u00a0\u00bb#111111&Prime; header_6_line_height=\u00a0\u00bb1.5em\u00a0\u00bb custom_margin=\u00a0\u00bb||||false|false\u00a0\u00bb text_font_size_tablet=\u00a0\u00bb15px\u00a0\u00bb text_font_size_phone=\u00a0\u00bb14px\u00a0\u00bb text_font_size_last_edited=\u00a0\u00bbon|phone\u00a0\u00bb header_font_size_tablet=\u00a0\u00bb40px\u00a0\u00bb header_font_size_phone=\u00a0\u00bb24px\u00a0\u00bb header_font_size_last_edited=\u00a0\u00bbon|desktop\u00a0\u00bb header_2_font_size_tablet=\u00a0\u00bb28px\u00a0\u00bb header_2_font_size_phone=\u00a0\u00bb20px\u00a0\u00bb header_2_font_size_last_edited=\u00a0\u00bbon|phone\u00a0\u00bb header_3_font_size_tablet=\u00a0\u00bb22px\u00a0\u00bb header_3_font_size_phone=\u00a0\u00bb17px\u00a0\u00bb header_3_font_size_last_edited=\u00a0\u00bbon|phone\u00a0\u00bb header_4_font_size_tablet=\u00a0\u00bb18px\u00a0\u00bb header_4_font_size_phone=\u00a0\u00bb15px\u00a0\u00bb header_4_font_size_last_edited=\u00a0\u00bbon|tablet\u00a0\u00bb header_5_font_size_tablet=\u00a0\u00bb15px\u00a0\u00bb header_5_font_size_phone=\u00a0\u00bb14px\u00a0\u00bb header_5_font_size_last_edited=\u00a0\u00bbon|desktop\u00a0\u00bb header_6_font_size_tablet=\u00a0\u00bb13px\u00a0\u00bb header_6_font_size_phone=\u00a0\u00bb13px\u00a0\u00bb header_6_font_size_last_edited=\u00a0\u00bbon|desktop\u00a0\u00bb locked=\u00a0\u00bboff\u00a0\u00bb global_colors_info=\u00a0\u00bb{}\u00a0\u00bb]<\/p>\n<p style=\"text-align: justify;\">Explorez notre portfolio d&rsquo;<strong>installations solaires r\u00e9centes<\/strong> aupr\u00e8s de <strong>particuliers de la Loire<\/strong>. Comme eux, <strong>faites appel \u00e0 Pose Energie<\/strong> pour g\u00e9rer votre projet d&rsquo;installation r\u00e9sidentielle de panneaux photovolta\u00efques !<\/p>\n<p style=\"text-align: justify;\">Administratif, subventions auxquelles vous avez droit, installation compl\u00e8te et raccordement au r\u00e9seau, explications en fin de chantier, maintenance&#8230;<\/p>\n<p style=\"text-align: justify;\">Relaxez-vous, <strong>nous sommes local et nous nous occupons de tout !<\/strong><\/p>\n<p>[\/et_pb_text][\/et_pb_column_inner][\/et_pb_row_inner][\/et_pb_column][et_pb_column type=\u00a0\u00bb1_3&Prime; _builder_version=\u00a0\u00bb4.16&Prime; _module_preset=\u00a0\u00bb73121f80-a3ef-4484-8763-c3f18e3c56d2&Prime; custom_padding=\u00a0\u00bb|||\u00a0\u00bb global_colors_info=\u00a0\u00bb{}\u00a0\u00bb custom_padding__hover=\u00a0\u00bb|||\u00a0\u00bb][et_pb_image src=\u00a0\u00bbhttps:\/\/pose-energie.com\/wp-content\/uploads\/2024\/02\/Pose-energie-toiture-maison-02-1.png\u00a0\u00bb title_text=\u00a0\u00bbPose energie &#8211; toiture maison 02&Prime; _builder_version=\u00a0\u00bb4.27.2&Prime; _module_preset=\u00a0\u00bb1cc6152f-565c-4c4d-b0c9-cf8c9576c341&Prime; custom_margin=\u00a0\u00bb|-10vw|||false|false\u00a0\u00bb custom_margin_tablet=\u00a0\u00bb|0vw|||false|false\u00a0\u00bb custom_margin_phone=\u00a0\u00bb|0vw|||false|false\u00a0\u00bb custom_margin_last_edited=\u00a0\u00bbon|tablet\u00a0\u00bb border_radii=\u00a0\u00bbon|6px|6px|6px|6px\u00a0\u00bb box_shadow_style=\u00a0\u00bbpreset4&Prime; box_shadow_horizontal=\u00a0\u00bb0px\u00a0\u00bb box_shadow_vertical=\u00a0\u00bb24px\u00a0\u00bb box_shadow_blur=\u00a0\u00bb72px\u00a0\u00bb box_shadow_spread=\u00a0\u00bb-12px\u00a0\u00bb box_shadow_color=\u00a0\u00bbrgba(0,0,0,0.12)\u00a0\u00bb locked=\u00a0\u00bboff\u00a0\u00bb global_colors_info=\u00a0\u00bb{}\u00a0\u00bb][\/et_pb_image][\/et_pb_column][\/et_pb_section][et_pb_section fb_built=\u00a0\u00bb1&Prime; admin_label=\u00a0\u00bbGallery\u00a0\u00bb _builder_version=\u00a0\u00bb4.27.2&Prime; _module_preset=\u00a0\u00bbdefault\u00a0\u00bb background_color=\u00a0\u00bb#000f52&Prime; custom_padding=\u00a0\u00bb3px|||||\u00a0\u00bb locked=\u00a0\u00bboff\u00a0\u00bb collapsed=\u00a0\u00bboff\u00a0\u00bb global_colors_info=\u00a0\u00bb{}\u00a0\u00bb][et_pb_row _builder_version=\u00a0\u00bb4.17.6&Prime; _module_preset=\u00a0\u00bb5138c454-be54-4233-bd3b-f8e6a8747976&Prime; locked=\u00a0\u00bboff\u00a0\u00bb global_colors_info=\u00a0\u00bb{}\u00a0\u00bb][et_pb_column type=\u00a0\u00bb4_4&Prime; _builder_version=\u00a0\u00bb4.17.4&Prime; _module_preset=\u00a0\u00bb73121f80-a3ef-4484-8763-c3f18e3c56d2&Prime; global_colors_info=\u00a0\u00bb{}\u00a0\u00bb][et_pb_heading title=\u00a0\u00bbinstallation de centrales photovolta\u00efques industrielles\u00a0\u00bb _builder_version=\u00a0\u00bb4.27.2&Prime; _module_preset=\u00a0\u00bbc33f07d9-41e0-421a-8799-5799df695cce\u00a0\u00bb title_level=\u00a0\u00bbh2&Prime; title_font=\u00a0\u00bb&#8211;et_global_heading_font|IBM Plex Sans Condensed_weight||||on|||\u00a0\u00bb title_text_align=\u00a0\u00bbcenter\u00a0\u00bb title_text_color=\u00a0\u00bb#FFFFFF\u00a0\u00bb title_font_size=\u00a0\u00bb50px\u00a0\u00bb title_line_height=\u00a0\u00bb1.2em\u00a0\u00bb custom_margin=\u00a0\u00bb||10px||false|false\u00a0\u00bb title_font_size_tablet=\u00a0\u00bb28px\u00a0\u00bb title_font_size_phone=\u00a0\u00bb20px\u00a0\u00bb title_font_size_last_edited=\u00a0\u00bbon|phone\u00a0\u00bb global_colors_info=\u00a0\u00bb{}\u00a0\u00bb][\/et_pb_heading][\/et_pb_column][\/et_pb_row][et_pb_row column_structure=\u00a0\u00bb1_2,1_2&Prime; use_custom_gutter=\u00a0\u00bbon\u00a0\u00bb gutter_width=\u00a0\u00bb2&Prime; _builder_version=\u00a0\u00bb4.25.2&Prime; _module_preset=\u00a0\u00bb5138c454-be54-4233-bd3b-f8e6a8747976&Prime; custom_padding=\u00a0\u00bb2px|||||\u00a0\u00bb locked=\u00a0\u00bboff\u00a0\u00bb global_colors_info=\u00a0\u00bb{}\u00a0\u00bb][et_pb_column type=\u00a0\u00bb1_2&Prime; _builder_version=\u00a0\u00bb4.17.4&Prime; _module_preset=\u00a0\u00bb73121f80-a3ef-4484-8763-c3f18e3c56d2&Prime; global_colors_info=\u00a0\u00bb{}\u00a0\u00bb][et_pb_image title_text=\u00a0\u00bbPhotovolta\u00cfque Pose Energie\u00a0\u00bb show_in_lightbox=\u00a0\u00bbon\u00a0\u00bb use_overlay=\u00a0\u00bbon\u00a0\u00bb overlay_icon_color=\u00a0\u00bb#57cc99&Prime; _builder_version=\u00a0\u00bb4.27.2&Prime; _module_preset=\u00a0\u00bb8249bb47-7bda-4c77-8a37-2a958f7a9826&Prime; border_radii=\u00a0\u00bbon|6px|6px|6px|6px\u00a0\u00bb locked=\u00a0\u00bboff\u00a0\u00bb global_colors_info=\u00a0\u00bb{%22#57cc99%22:%91%22overlay_icon_color%22%93}\u00a0\u00bb][\/et_pb_image][\/et_pb_column][et_pb_column type=\u00a0\u00bb1_2&Prime; _builder_version=\u00a0\u00bb4.17.4&Prime; _module_preset=\u00a0\u00bb73121f80-a3ef-4484-8763-c3f18e3c56d2&Prime; global_colors_info=\u00a0\u00bb{}\u00a0\u00bb][et_pb_image title_text=\u00a0\u00bb375505da-a872-47a8-9f0d-dc777ed1bfe4&Prime; show_in_lightbox=\u00a0\u00bbon\u00a0\u00bb use_overlay=\u00a0\u00bbon\u00a0\u00bb overlay_icon_color=\u00a0\u00bb#57cc99&Prime; _builder_version=\u00a0\u00bb4.27.2&Prime; _module_preset=\u00a0\u00bb8249bb47-7bda-4c77-8a37-2a958f7a9826&Prime; border_radii=\u00a0\u00bbon|6px|6px|6px|6px\u00a0\u00bb locked=\u00a0\u00bboff\u00a0\u00bb global_colors_info=\u00a0\u00bb{%22#57cc99%22:%91%22overlay_icon_color%22%93}\u00a0\u00bb][\/et_pb_image][\/et_pb_column][\/et_pb_row][et_pb_row column_structure=\u00a0\u00bb1_3,1_3,1_3&Prime; use_custom_gutter=\u00a0\u00bbon\u00a0\u00bb gutter_width=\u00a0\u00bb2&Prime; _builder_version=\u00a0\u00bb4.25.2&Prime; _module_preset=\u00a0\u00bb5138c454-be54-4233-bd3b-f8e6a8747976&Prime; locked=\u00a0\u00bboff\u00a0\u00bb global_colors_info=\u00a0\u00bb{}\u00a0\u00bb][et_pb_column type=\u00a0\u00bb1_3&Prime; _builder_version=\u00a0\u00bb4.17.4&Prime; _module_preset=\u00a0\u00bb73121f80-a3ef-4484-8763-c3f18e3c56d2&Prime; global_colors_info=\u00a0\u00bb{}\u00a0\u00bb][et_pb_image src=\u00a0\u00bbhttps:\/\/pose-energie.com\/wp-content\/uploads\/2024\/12\/Design-sans-titre2.png\u00a0\u00bb title_text=\u00a0\u00bbDesign sans titre(2)\u00a0\u00bb show_in_lightbox=\u00a0\u00bbon\u00a0\u00bb use_overlay=\u00a0\u00bbon\u00a0\u00bb overlay_icon_color=\u00a0\u00bb#57cc99&Prime; _builder_version=\u00a0\u00bb4.27.4&Prime; _module_preset=\u00a0\u00bb8249bb47-7bda-4c77-8a37-2a958f7a9826&Prime; border_radii=\u00a0\u00bbon|6px|6px|6px|6px\u00a0\u00bb locked=\u00a0\u00bboff\u00a0\u00bb global_colors_info=\u00a0\u00bb{%22#57cc99%22:%91%22overlay_icon_color%22%93}\u00a0\u00bb][\/et_pb_image][\/et_pb_column][et_pb_column type=\u00a0\u00bb1_3&Prime; _builder_version=\u00a0\u00bb4.17.4&Prime; _module_preset=\u00a0\u00bb73121f80-a3ef-4484-8763-c3f18e3c56d2&Prime; global_colors_info=\u00a0\u00bb{}\u00a0\u00bb][et_pb_image src=\u00a0\u00bbhttps:\/\/pose-energie.com\/wp-content\/uploads\/2024\/12\/Design-sans-titre4.png\u00a0\u00bb title_text=\u00a0\u00bbDesign sans titre(4)\u00a0\u00bb show_in_lightbox=\u00a0\u00bbon\u00a0\u00bb use_overlay=\u00a0\u00bbon\u00a0\u00bb overlay_icon_color=\u00a0\u00bb#57cc99&Prime; _builder_version=\u00a0\u00bb4.27.4&Prime; _module_preset=\u00a0\u00bb8249bb47-7bda-4c77-8a37-2a958f7a9826&Prime; border_radii=\u00a0\u00bbon|6px|6px|6px|6px\u00a0\u00bb locked=\u00a0\u00bboff\u00a0\u00bb global_colors_info=\u00a0\u00bb{%22#57cc99%22:%91%22overlay_icon_color%22%93}\u00a0\u00bb][\/et_pb_image][\/et_pb_column][et_pb_column type=\u00a0\u00bb1_3&Prime; _builder_version=\u00a0\u00bb4.17.4&Prime; _module_preset=\u00a0\u00bb73121f80-a3ef-4484-8763-c3f18e3c56d2&Prime; global_colors_info=\u00a0\u00bb{}\u00a0\u00bb][et_pb_image src=\u00a0\u00bbhttps:\/\/pose-energie.com\/wp-content\/uploads\/2024\/12\/Design-sans-titre5.png\u00a0\u00bb title_text=\u00a0\u00bbDesign sans titre(5)\u00a0\u00bb show_in_lightbox=\u00a0\u00bbon\u00a0\u00bb use_overlay=\u00a0\u00bbon\u00a0\u00bb overlay_icon_color=\u00a0\u00bb#57cc99&Prime; _builder_version=\u00a0\u00bb4.27.4&Prime; _module_preset=\u00a0\u00bb8249bb47-7bda-4c77-8a37-2a958f7a9826&Prime; border_radii=\u00a0\u00bbon|6px|6px|6px|6px\u00a0\u00bb locked=\u00a0\u00bboff\u00a0\u00bb global_colors_info=\u00a0\u00bb{%22#57cc99%22:%91%22overlay_icon_color%22%93}\u00a0\u00bb][\/et_pb_image][\/et_pb_column][\/et_pb_row][\/et_pb_section]<\/p>\n","protected":false},"excerpt":{"rendered":"<p>Explorez notre portfolio d&rsquo;installations solaires r\u00e9centes aupr\u00e8s de particuliers de la Loire. Comme eux, faites appel \u00e0 Pose Energie pour g\u00e9rer votre projet d&rsquo;installation r\u00e9sidentielle de panneaux photovolta\u00efques ! Administratif, subventions auxquelles vous avez droit, installation compl\u00e8te et raccordement au r\u00e9seau, explications en fin de chantier, maintenance&#8230; Relaxez-vous, nous sommes local et nous nous occupons [&hellip;]<\/p>\n","protected":false},"author":1,"featured_media":0,"parent":0,"menu_order":0,"comment_status":"closed","ping_status":"closed","template":"","meta":{"_et_pb_use_builder":"on","_et_pb_old_content":"","_et_gb_content_width":"","footnotes":""},"class_list":["post-578","page","type-page","status-publish","hentry"],"yoast_head":"<!-- This site is optimized with the Yoast SEO Premium plugin v23.8 (Yoast SEO v24.2) - https:\/\/yoast.com\/wordpress\/plugins\/seo\/ -->\n<title>Photovolta\u00efque industriel Loire : l&#039;expertise et la confiance - Pose Energie<\/title>\n<meta name=\"description\" content=\"D\u00e9couvrez les avantages du photovolta\u00efque industriel dans la r\u00e9gion de la Loire. Confiez votre projet \u00e0 des experts de confiance.\" \/>\n<meta name=\"robots\" content=\"index, follow, max-snippet:-1, max-image-preview:large, max-video-preview:-1\" \/>\n<link rel=\"canonical\" href=\"https:\/\/pose-energie.com\/index.php\/installations-photovoltaiques-professionnel\/\" \/>\n<meta property=\"og:locale\" content=\"fr_FR\" \/>\n<meta property=\"og:type\" content=\"article\" \/>\n<meta property=\"og:title\" content=\"Installations photovolta\u00efques professionnel\" \/>\n<meta property=\"og:description\" content=\"D\u00e9couvrez les avantages du photovolta\u00efque industriel dans la r\u00e9gion de la Loire. Confiez votre projet \u00e0 des experts de confiance.\" \/>\n<meta property=\"og:url\" content=\"https:\/\/pose-energie.com\/index.php\/installations-photovoltaiques-professionnel\/\" \/>\n<meta property=\"og:site_name\" content=\"Pose Energie\" \/>\n<meta property=\"article:publisher\" content=\"https:\/\/www.facebook.com\/pose.energie\/\" \/>\n<meta property=\"article:modified_time\" content=\"2024-12-16T13:21:31+00:00\" \/>\n<meta name=\"twitter:card\" content=\"summary_large_image\" \/>\n<meta name=\"twitter:label1\" content=\"Dur\u00e9e de lecture estim\u00e9e\" \/>\n\t<meta name=\"twitter:data1\" content=\"2 minutes\" \/>\n<script type=\"application\/ld+json\" class=\"yoast-schema-graph\">{\"@context\":\"https:\/\/schema.org\",\"@graph\":[{\"@type\":\"WebPage\",\"@id\":\"https:\/\/pose-energie.com\/index.php\/installations-photovoltaiques-professionnel\/\",\"url\":\"https:\/\/pose-energie.com\/index.php\/installations-photovoltaiques-professionnel\/\",\"name\":\"Photovolta\u00efque industriel Loire : l'expertise et la confiance - Pose Energie\",\"isPartOf\":{\"@id\":\"https:\/\/pose-energie.com\/#website\"},\"datePublished\":\"2024-11-08T13:28:39+00:00\",\"dateModified\":\"2024-12-16T13:21:31+00:00\",\"description\":\"D\u00e9couvrez les avantages du photovolta\u00efque industriel dans la r\u00e9gion de la Loire. Confiez votre projet \u00e0 des experts de confiance.\",\"breadcrumb\":{\"@id\":\"https:\/\/pose-energie.com\/index.php\/installations-photovoltaiques-professionnel\/#breadcrumb\"},\"inLanguage\":\"fr-FR\",\"potentialAction\":[{\"@type\":\"ReadAction\",\"target\":[\"https:\/\/pose-energie.com\/index.php\/installations-photovoltaiques-professionnel\/\"]}]},{\"@type\":\"BreadcrumbList\",\"@id\":\"https:\/\/pose-energie.com\/index.php\/installations-photovoltaiques-professionnel\/#breadcrumb\",\"itemListElement\":[{\"@type\":\"ListItem\",\"position\":1,\"name\":\"Accueil\",\"item\":\"https:\/\/pose-energie.com\/\"},{\"@type\":\"ListItem\",\"position\":2,\"name\":\"Installations photovolta\u00efques professionnel\"}]},{\"@type\":\"WebSite\",\"@id\":\"https:\/\/pose-energie.com\/#website\",\"url\":\"https:\/\/pose-energie.com\/\",\"name\":\"Pose Energie, votre expert en pose de panneaux photovolta\u00efques dans la Loire et d\u00e9partements limitrophes\",\"description\":\"Votre partenaire photovolta\u00efque en Rh\u00f4ne Alpes Auvergne\",\"publisher\":{\"@id\":\"https:\/\/pose-energie.com\/#organization\"},\"potentialAction\":[{\"@type\":\"SearchAction\",\"target\":{\"@type\":\"EntryPoint\",\"urlTemplate\":\"https:\/\/pose-energie.com\/?s={search_term_string}\"},\"query-input\":{\"@type\":\"PropertyValueSpecification\",\"valueRequired\":true,\"valueName\":\"search_term_string\"}}],\"inLanguage\":\"fr-FR\"},{\"@type\":\"Organization\",\"@id\":\"https:\/\/pose-energie.com\/#organization\",\"name\":\"Pose Energie\",\"url\":\"https:\/\/pose-energie.com\/\",\"logo\":{\"@type\":\"ImageObject\",\"inLanguage\":\"fr-FR\",\"@id\":\"https:\/\/pose-energie.com\/#\/schema\/logo\/image\/\",\"url\":\"https:\/\/pose-energie.com\/wp-content\/uploads\/2024\/02\/Logo-Pose-energie-header-mobile.png\",\"contentUrl\":\"https:\/\/pose-energie.com\/wp-content\/uploads\/2024\/02\/Logo-Pose-energie-header-mobile.png\",\"width\":1500,\"height\":1166,\"caption\":\"Pose Energie\"},\"image\":{\"@id\":\"https:\/\/pose-energie.com\/#\/schema\/logo\/image\/\"},\"sameAs\":[\"https:\/\/www.facebook.com\/pose.energie\/\",\"https:\/\/www.linkedin.com\/company\/pose-energie\/\"]}]}<\/script>\n<!-- \/ Yoast SEO Premium plugin. -->","yoast_head_json":{"title":"Photovolta\u00efque industriel Loire : l'expertise et la confiance - Pose Energie","description":"D\u00e9couvrez les avantages du photovolta\u00efque industriel dans la r\u00e9gion de la Loire. Confiez votre projet \u00e0 des experts de confiance.","robots":{"index":"index","follow":"follow","max-snippet":"max-snippet:-1","max-image-preview":"max-image-preview:large","max-video-preview":"max-video-preview:-1"},"canonical":"https:\/\/pose-energie.com\/index.php\/installations-photovoltaiques-professionnel\/","og_locale":"fr_FR","og_type":"article","og_title":"Installations photovolta\u00efques professionnel","og_description":"D\u00e9couvrez les avantages du photovolta\u00efque industriel dans la r\u00e9gion de la Loire. Confiez votre projet \u00e0 des experts de confiance.","og_url":"https:\/\/pose-energie.com\/index.php\/installations-photovoltaiques-professionnel\/","og_site_name":"Pose Energie","article_publisher":"https:\/\/www.facebook.com\/pose.energie\/","article_modified_time":"2024-12-16T13:21:31+00:00","twitter_card":"summary_large_image","twitter_misc":{"Dur\u00e9e de lecture estim\u00e9e":"2 minutes"},"schema":{"@context":"https:\/\/schema.org","@graph":[{"@type":"WebPage","@id":"https:\/\/pose-energie.com\/index.php\/installations-photovoltaiques-professionnel\/","url":"https:\/\/pose-energie.com\/index.php\/installations-photovoltaiques-professionnel\/","name":"Photovolta\u00efque industriel Loire : l'expertise et la confiance - Pose Energie","isPartOf":{"@id":"https:\/\/pose-energie.com\/#website"},"datePublished":"2024-11-08T13:28:39+00:00","dateModified":"2024-12-16T13:21:31+00:00","description":"D\u00e9couvrez les avantages du photovolta\u00efque industriel dans la r\u00e9gion de la Loire. Confiez votre projet \u00e0 des experts de confiance.","breadcrumb":{"@id":"https:\/\/pose-energie.com\/index.php\/installations-photovoltaiques-professionnel\/#breadcrumb"},"inLanguage":"fr-FR","potentialAction":[{"@type":"ReadAction","target":["https:\/\/pose-energie.com\/index.php\/installations-photovoltaiques-professionnel\/"]}]},{"@type":"BreadcrumbList","@id":"https:\/\/pose-energie.com\/index.php\/installations-photovoltaiques-professionnel\/#breadcrumb","itemListElement":[{"@type":"ListItem","position":1,"name":"Accueil","item":"https:\/\/pose-energie.com\/"},{"@type":"ListItem","position":2,"name":"Installations photovolta\u00efques professionnel"}]},{"@type":"WebSite","@id":"https:\/\/pose-energie.com\/#website","url":"https:\/\/pose-energie.com\/","name":"Pose Energie, votre expert en pose de panneaux photovolta\u00efques dans la Loire et d\u00e9partements limitrophes","description":"Votre partenaire photovolta\u00efque en Rh\u00f4ne Alpes Auvergne","publisher":{"@id":"https:\/\/pose-energie.com\/#organization"},"potentialAction":[{"@type":"SearchAction","target":{"@type":"EntryPoint","urlTemplate":"https:\/\/pose-energie.com\/?s={search_term_string}"},"query-input":{"@type":"PropertyValueSpecification","valueRequired":true,"valueName":"search_term_string"}}],"inLanguage":"fr-FR"},{"@type":"Organization","@id":"https:\/\/pose-energie.com\/#organization","name":"Pose Energie","url":"https:\/\/pose-energie.com\/","logo":{"@type":"ImageObject","inLanguage":"fr-FR","@id":"https:\/\/pose-energie.com\/#\/schema\/logo\/image\/","url":"https:\/\/pose-energie.com\/wp-content\/uploads\/2024\/02\/Logo-Pose-energie-header-mobile.png","contentUrl":"https:\/\/pose-energie.com\/wp-content\/uploads\/2024\/02\/Logo-Pose-energie-header-mobile.png","width":1500,"height":1166,"caption":"Pose Energie"},"image":{"@id":"https:\/\/pose-energie.com\/#\/schema\/logo\/image\/"},"sameAs":["https:\/\/www.facebook.com\/pose.energie\/","https:\/\/www.linkedin.com\/company\/pose-energie\/"]}]}},"_links":{"self":[{"href":"https:\/\/pose-energie.com\/index.php\/wp-json\/wp\/v2\/pages\/578","targetHints":{"allow":["GET"]}}],"collection":[{"href":"https:\/\/pose-energie.com\/index.php\/wp-json\/wp\/v2\/pages"}],"about":[{"href":"https:\/\/pose-energie.com\/index.php\/wp-json\/wp\/v2\/types\/page"}],"author":[{"embeddable":true,"href":"https:\/\/pose-energie.com\/index.php\/wp-json\/wp\/v2\/users\/1"}],"replies":[{"embeddable":true,"href":"https:\/\/pose-energie.com\/index.php\/wp-json\/wp\/v2\/comments?post=578"}],"version-history":[{"count":9,"href":"https:\/\/pose-energie.com\/index.php\/wp-json\/wp\/v2\/pages\/578\/revisions"}],"predecessor-version":[{"id":628,"href":"https:\/\/pose-energie.com\/index.php\/wp-json\/wp\/v2\/pages\/578\/revisions\/628"}],"wp:attachment":[{"href":"https:\/\/pose-energie.com\/index.php\/wp-json\/wp\/v2\/media?parent=578"}],"curies":[{"name":"wp","href":"https:\/\/api.w.org\/{rel}","templated":true}]}}